
{"id":1855,"date":"2016-05-06T15:38:57","date_gmt":"2016-05-06T15:38:57","guid":{"rendered":"http:\/\/www.coffeecreamthemes.com\/themes\/modellic\/wordpress\/?page_id=1841"},"modified":"2020-03-03T20:59:12","modified_gmt":"2020-03-03T11:59:12","slug":"contact","status":"publish","type":"page","link":"https:\/\/tokyo-escort-massage.com\/ja\/contact\/","title":{"rendered":"Contact TEM"},"content":{"rendered":"<p>[vc_row vertical_paddings=&#8221;paddings-medium&#8221; css=&#8221;.vc_custom_1547492085765{padding-top: 4vh !important;padding-bottom: 4vh !important;}&#8221;][vc_column]<div class=\"title\"><h2>Contact us<\/h2><\/div>[vc_column_text][super_form id=&#8221;7203&#8243;][\/vc_column_text][\/vc_column][\/vc_row][vc_row full_width=&#8221;stretch_row_content_no_spaces&#8221; vertical_paddings=&#8221;paddings-none&#8221;][vc_column][vc_column_text]<\/p>\n<p style=\"text-align: center;\"><strong>Address<\/strong>: 1-ch\u014dme-9-1 Ikebukuro, Toshima-ku, T\u014dky\u014d-to 170-0014<br \/>\n<strong>Tel<\/strong> (within Japan): <a href=\"tel:(03) 5944 9809\">(03) 5944 9809<\/a><br \/>\n<strong>Tel<\/strong> (International): <a href=\"tel: +81 (3) 5944 9809\">+81 (3) 5944 9809<\/a><\/p>\n<p style=\"text-align: center;\"><strong>Email<\/strong>: \u00a0<a href=\"mailto:info@tokyo-escort-massage.com\">info@tokyo-escort-massage.com<\/a><\/p>\n<p>[\/vc_column_text][vc_gmaps link=&#8221;#E-8_JTNDaWZyYW1lJTIwc3JjJTNEJTIyaHR0cHMlM0ElMkYlMkZ3d3cuZ29vZ2xlLmNvbSUyRm1hcHMlMkZlbWJlZCUzRnBiJTNEJTIxMW0xOCUyMTFtMTIlMjExbTMlMjExZDMyMzguNjAyNzI0NjMxOTkxJTIxMmQxMzkuNzA5Njc5NTM4NDI4MTYlMjEzZDM1LjczNTk4Nzc4NTQ3NjA1JTIxMm0zJTIxMWYwJTIxMmYwJTIxM2YwJTIxM20yJTIxMWkxMDI0JTIxMmk3NjglMjE0ZjEzLjElMjEzbTMlMjExbTIlMjExczB4NjAxODhkNjA2NDZkYmE4NSUyNTNBMHhjY2Q2MGE1YmFhODhiMWQ1JTIxMno0NENTTVRjd0xUQXdNVFFnVk1XTmEzbkZqUzEwYnl3Z1ZHOXphR2x0WVMxcmRTd2dTV3RsWW5WcmRYSnZMQ0F4TFdOb3hZMXRaZUtJa2puaWlKSXhJT1dmbk9TNm5BJTIxNWUwJTIxM20yJTIxMXNlbiUyMTJzanAlMjE0djE1NjIyOTU4NDkwMDMlMjE1bTIlMjExc2VuJTIxMnNqcCUyMiUyMHdpZHRoJTNEJTIyNjAwJTIyJTIwaGVpZ2h0JTNEJTIyNDUwJTIyJTIwZnJhbWVib3JkZXIlM0QlMjIwJTIyJTIwc3R5bGUlM0QlMjJib3JkZXIlM0EwJTIyJTIwYWxsb3dmdWxsc2NyZWVuJTNFJTNDJTJGaWZyYW1lJTNF&#8221; size=&#8221;400&#8243;][\/vc_column][\/vc_row]<\/p>\n","protected":false},"excerpt":{"rendered":"<p>[vc_row vertical_paddings=&#8221;paddings-medium&#8221; css=&#8221;.vc_custom_1547492085765{padding-top: 4vh ! &hellip; <a href=\"https:\/\/tokyo-escort-massage.com\/ja\/contact\/\" class=\"more-link\">Continue reading <span class=\"screen-reader-text\">Contact TEM<\/span><\/a><\/p>\n","protected":false},"author":4,"featured_media":0,"parent":0,"menu_order":0,"comment_status":"closed","ping_status":"closed","template":"page-no-title.php","meta":{"_acf_changed":false,"footnotes":""},"class_list":["post-1855","page","type-page","status-publish","hentry"],"translation":{"provider":"WPGlobus","version":"2.12.2","language":"ja","enabled_languages":["en","ja","zh"],"languages":{"en":{"title":true,"content":true,"excerpt":false},"ja":{"title":false,"content":true,"excerpt":false},"zh":{"title":true,"content":true,"excerpt":false}}},"acf":[],"_links":{"self":[{"href":"https:\/\/tokyo-escort-massage.com\/ja\/wp-json\/wp\/v2\/pages\/1855","targetHints":{"allow":["GET"]}}],"collection":[{"href":"https:\/\/tokyo-escort-massage.com\/ja\/wp-json\/wp\/v2\/pages"}],"about":[{"href":"https:\/\/tokyo-escort-massage.com\/ja\/wp-json\/wp\/v2\/types\/page"}],"author":[{"embeddable":true,"href":"https:\/\/tokyo-escort-massage.com\/ja\/wp-json\/wp\/v2\/users\/4"}],"replies":[{"embeddable":true,"href":"https:\/\/tokyo-escort-massage.com\/ja\/wp-json\/wp\/v2\/comments?post=1855"}],"version-history":[{"count":0,"href":"https:\/\/tokyo-escort-massage.com\/ja\/wp-json\/wp\/v2\/pages\/1855\/revisions"}],"wp:attachment":[{"href":"https:\/\/tokyo-escort-massage.com\/ja\/wp-json\/wp\/v2\/media?parent=1855"}],"curies":[{"name":"wp","href":"https:\/\/api.w.org\/{rel}","templated":true}]}}